{"id":2,"date":"2019-03-14T11:54:46","date_gmt":"2019-03-14T11:54:46","guid":{"rendered":"https:\/\/www.granule777.com\/?page_id=2"},"modified":"2022-10-20T11:10:26","modified_gmt":"2022-10-20T11:10:26","slug":"sample-page","status":"publish","type":"page","link":"https:\/\/www.granule777.com\/en\/","title":{"rendered":"Granule777"},"content":{"rendered":"<p>Granule 777 Inc. was incorporated in 2017 in order to establish a new wood pellet production facility in northern Quebec. The wood pellet plant is located in the municipality of Baie-James, Quebec, close to the town of Chapais. The site is currently under construction and is expected to produce 200,000 tonnes of wood pellets per year once operating at full capacity.<\/p>\n<p>&nbsp;<\/p>","protected":false},"excerpt":{"rendered":"<p>Granule 777 inc. est une nouvelle soci\u00e9t\u00e9 cr\u00e9\u00e9e en 2017 afin d&rsquo;implanter une nouvelle installation de production de granul\u00e9s de bois dans le nord du Qu\u00e9bec. L&rsquo;usine est \u00e9tablie dans la municipalit\u00e9 de la Baie-James, pr\u00e8s de la ville de Chapais. Le site est actuellement en construction et produira 200 000 tonnes de granul\u00e9s de &hellip; <\/p>\n<p class=\"link-more\"><a href=\"https:\/\/www.granule777.com\/en\/\" class=\"more-link\">Continue reading<span class=\"screen-reader-text\"> \u00ab\u00a0Granule777\u00a0\u00bb<\/span><\/a><\/p>","protected":false},"author":1,"featured_media":0,"parent":0,"menu_order":0,"comment_status":"closed","ping_status":"closed","template":"","meta":{"footnotes":""},"class_list":["post-2","page","type-page","status-publish","hentry"],"_links":{"self":[{"href":"https:\/\/www.granule777.com\/en\/wp-json\/wp\/v2\/pages\/2","targetHints":{"allow":["GET"]}}],"collection":[{"href":"https:\/\/www.granule777.com\/en\/wp-json\/wp\/v2\/pages"}],"about":[{"href":"https:\/\/www.granule777.com\/en\/wp-json\/wp\/v2\/types\/page"}],"author":[{"embeddable":true,"href":"https:\/\/www.granule777.com\/en\/wp-json\/wp\/v2\/users\/1"}],"replies":[{"embeddable":true,"href":"https:\/\/www.granule777.com\/en\/wp-json\/wp\/v2\/comments?post=2"}],"version-history":[{"count":12,"href":"https:\/\/www.granule777.com\/en\/wp-json\/wp\/v2\/pages\/2\/revisions"}],"predecessor-version":[{"id":170,"href":"https:\/\/www.granule777.com\/en\/wp-json\/wp\/v2\/pages\/2\/revisions\/170"}],"wp:attachment":[{"href":"https:\/\/www.granule777.com\/en\/wp-json\/wp\/v2\/media?parent=2"}],"curies":[{"name":"wp","href":"https:\/\/api.w.org\/{rel}","templated":true}]}}