{"id":3,"date":"2019-03-14T11:54:46","date_gmt":"2019-03-14T11:54:46","guid":{"rendered":"https:\/\/www.granule777.com\/?page_id=3"},"modified":"2019-05-02T12:59:47","modified_gmt":"2019-05-02T12:59:47","slug":"privacy-policy","status":"publish","type":"page","link":"https:\/\/www.granule777.com\/en\/privacy-policy\/","title":{"rendered":"Privacy Policy"},"content":{"rendered":"<div id=\"wrapper\" class=\"french\">\r\n<div id=\"content\">\r\n<div id=\"page\">\r\n<h2 class=\"wp-block-heading\">Our Commitment to Privacy<\/h2>\r\n<p>Your privacy is important to us. To better protect your privacy, we provide this notice explaining our online information management practices and the choices you can make about how your information is collected and used. You can find this notice on our homepage and at every point where personally identifiable information may be requested.<\/p>\r\n<h2>How We Use Information<\/h2>\r\n<p>All information captured by our website, either via online registration or the various user forums, will be used mainly for internal marketing analysis. If the data are to be shared with any external parties, they will be subject to privacy agreements in order to protect the personally identifiable information provided to us.<\/p>\r\n<p>As well, your personal information (name, address, email) may be used to send product information, customer surveys, and to respond to your inquiries.<\/p>\r\n<h2>Our Commitment to Data Security<\/h2>\r\n<p>To prevent unauthorized access, keep data current, and ensure the correct use of information, we make every effort to apply the appropriate physical, electronic and management procedures to safeguard and secure the information we collect online.<\/p>\r\n<\/div>\r\n<\/div>\r\n<\/div>","protected":false},"excerpt":{"rendered":"<p>Notre engagement envers la confidentialit\u00e9 Le respect de votre vie priv\u00e9e est important pour nous. Pour \u00eatre en mesure de bien prot\u00e9ger la confidentialit\u00e9 de vos renseignements, nous vous informons de notre gestion de l\u2019information et des choix que vous pouvez faire sur la fa\u00e7on dont vos informations sont recueillies et utilis\u00e9es. Pour rendre notre &hellip; <\/p>\n<p class=\"link-more\"><a href=\"https:\/\/www.granule777.com\/en\/privacy-policy\/\" class=\"more-link\">Continue reading<span class=\"screen-reader-text\"> \u00ab\u00a0Politique de confidentialit\u00e9\u00a0\u00bb<\/span><\/a><\/p>","protected":false},"author":1,"featured_media":0,"parent":0,"menu_order":3,"comment_status":"closed","ping_status":"open","template":"","meta":{"footnotes":""},"class_list":["post-3","page","type-page","status-publish","hentry"],"_links":{"self":[{"href":"https:\/\/www.granule777.com\/en\/wp-json\/wp\/v2\/pages\/3","targetHints":{"allow":["GET"]}}],"collection":[{"href":"https:\/\/www.granule777.com\/en\/wp-json\/wp\/v2\/pages"}],"about":[{"href":"https:\/\/www.granule777.com\/en\/wp-json\/wp\/v2\/types\/page"}],"author":[{"embeddable":true,"href":"https:\/\/www.granule777.com\/en\/wp-json\/wp\/v2\/users\/1"}],"replies":[{"embeddable":true,"href":"https:\/\/www.granule777.com\/en\/wp-json\/wp\/v2\/comments?post=3"}],"version-history":[{"count":1,"href":"https:\/\/www.granule777.com\/en\/wp-json\/wp\/v2\/pages\/3\/revisions"}],"predecessor-version":[{"id":10,"href":"https:\/\/www.granule777.com\/en\/wp-json\/wp\/v2\/pages\/3\/revisions\/10"}],"wp:attachment":[{"href":"https:\/\/www.granule777.com\/en\/wp-json\/wp\/v2\/media?parent=3"}],"curies":[{"name":"wp","href":"https:\/\/api.w.org\/{rel}","templated":true}]}}