{"id":60,"date":"2019-05-02T12:56:30","date_gmt":"2019-05-02T12:56:30","guid":{"rendered":"https:\/\/www.granule777.com\/?page_id=60"},"modified":"2025-06-11T14:46:55","modified_gmt":"2025-06-11T14:46:55","slug":"durabilite","status":"publish","type":"page","link":"https:\/\/www.granule777.com\/en\/durabilite\/","title":{"rendered":"Sustainability"},"content":{"rendered":"<p>Start-up of the Granule 777 wood pellet plant will support Barrette Chapais Ltd. in its mission to provide customers with high-quality, environmentally friendly products while contributing substantially to the region\u2019s economy, keeping local activity dynamic and inspiring others to make local investments.<\/p>\n<p>Granule 777 endorses sustainable forest management by supplying itself locally with rigorously certified wood fibre. The use of this certified fiber, which need in energy to produce those wood pellets is strictly followed, rises responsible forest management to another level.<\/p>\n<p>To view our wood supply policy :\u00a0<a href=\"https:\/\/www.granule777.com\/wp-content\/uploads\/2025\/06\/Politique-approvisionnement-2025.pdf\">Politique d&rsquo;approvisionnement Les Entreprises Barrette 2025<\/a><\/p>\n<p>By using eco-certified wood pellets instead of fossil fuels to generate electricity, European utility companies are significantly reducing their carbon footprint and are thus able to show a positive carbon balance that meets European Union (EU) regulations.<\/p>\n<p>EU standards require that wood pellet producers use only wood fiber from sustainable forestry operations. To meet this requirement, Granule 777 Inc. has conducted an in-depth analysis of its fiber sourcing and is proud to publish its Supply Base Report. This report is available for download via this link: <a href=\"https:\/\/sbp-cert.org\/certificate-holders\/#4216\">Granule 777 &#8211; Supply Base Report<\/a><\/p>\n<p>If you have any questions, comments, or complaints regarding the operations of Granule 777, please contact the Planning Manager at the coordinates listed below:<br \/>\n<strong>Denis Chiasson<\/strong><br \/>\nSBP Program Manager<br \/>\nGranule 777 Inc.<br \/>\nC.P. 248, KM 346, Route 113, Chapais, Qc<br \/>\nCanada<br \/>\nG0W 1H0<br \/>\nTel: 418-745-2545, extension 4238<br \/>\nEmail: <a href=\"mailto:denis.chiasson@ebarrette.com\" data-cke-saved-href=\"mailto:denis.chiasson@ebarrette.com\">denis.chiasson@ebarrette.com<\/a><\/p>\n<p><a href=\"https:\/\/www.granule777.com\/wp-content\/uploads\/2025\/06\/Procedure-de-plainte-SBP.pdf\">Proc\u00e9dure de plainte SBP<\/a><\/p>\n<p>Simultaneously, Granule 777 obtained the FSC certification for the traceability chain of its product to meet with the EU regulations for biomass certification<sup>\u00ae<\/sup> , and also possesses the SFI certification.<sup>\u00ae<\/sup> .<sup>\u00a0<\/sup><\/p>\n<p><span lang=\"FR\">Licence code\u00a0: FSC-C123866<\/span><\/p>\n<p>Licence code : <span data-teams=\"true\">SFI-18657<\/span><\/p>","protected":false},"excerpt":{"rendered":"<p>La mise en marche de l\u2019usine de Granule 777 Inc. permet \u00e0 Barrette-Chapais Lt\u00e9e de poursuivre sa mission d\u2019offrir des produits de qualit\u00e9 sup\u00e9rieure et respectueux de l\u2019environnement tout en contribuant de fa\u00e7on significative au maintien d\u2019une activit\u00e9 \u00e9conomique r\u00e9gionale dynamique et inspirante. Adh\u00e9rant aux principes d\u2019am\u00e9nagement forestier durable, Granule 777 s\u2019approvisionne r\u00e9gionalement en mati\u00e8re &hellip; <\/p>\n<p class=\"link-more\"><a href=\"https:\/\/www.granule777.com\/en\/durabilite\/\" class=\"more-link\">Continue reading<span class=\"screen-reader-text\"> \u00ab\u00a0D\u00e9veloppement durable\u00a0\u00bb<\/span><\/a><\/p>","protected":false},"author":1,"featured_media":0,"parent":0,"menu_order":1,"comment_status":"closed","ping_status":"closed","template":"","meta":{"footnotes":""},"class_list":["post-60","page","type-page","status-publish","hentry"],"_links":{"self":[{"href":"https:\/\/www.granule777.com\/en\/wp-json\/wp\/v2\/pages\/60","targetHints":{"allow":["GET"]}}],"collection":[{"href":"https:\/\/www.granule777.com\/en\/wp-json\/wp\/v2\/pages"}],"about":[{"href":"https:\/\/www.granule777.com\/en\/wp-json\/wp\/v2\/types\/page"}],"author":[{"embeddable":true,"href":"https:\/\/www.granule777.com\/en\/wp-json\/wp\/v2\/users\/1"}],"replies":[{"embeddable":true,"href":"https:\/\/www.granule777.com\/en\/wp-json\/wp\/v2\/comments?post=60"}],"version-history":[{"count":34,"href":"https:\/\/www.granule777.com\/en\/wp-json\/wp\/v2\/pages\/60\/revisions"}],"predecessor-version":[{"id":213,"href":"https:\/\/www.granule777.com\/en\/wp-json\/wp\/v2\/pages\/60\/revisions\/213"}],"wp:attachment":[{"href":"https:\/\/www.granule777.com\/en\/wp-json\/wp\/v2\/media?parent=60"}],"curies":[{"name":"wp","href":"https:\/\/api.w.org\/{rel}","templated":true}]}}